{"id":470,"date":"2021-03-05T09:00:13","date_gmt":"2021-03-05T08:00:13","guid":{"rendered":"http:\/\/zdn-produkcja.pl\/jastrzebia-gora\/?page_id=470"},"modified":"2026-02-25T09:33:11","modified_gmt":"2026-02-25T08:33:11","slug":"zasady-rezerwacji","status":"publish","type":"page","link":"https:\/\/www.ow-jastrzebiagora.pl\/index.php\/zasady-rezerwacji\/","title":{"rendered":"Zasady rezerwacji i regulamin pobytu"},"content":{"rendered":"\t\t<div data-elementor-type=\"wp-page\" data-elementor-id=\"470\" class=\"elementor elementor-470\">\n\t\t\t\t\t\t\t\t\t<section class=\"elementor-section elementor-top-section elementor-element elementor-element-390cb6c elementor-section-boxed elementor-section-height-default elementor-section-height-default\" data-id=\"390cb6c\" data-element_type=\"section\" data-settings=\"{&quot;jet_parallax_layout_list&quot;:[{&quot;jet_parallax_layout_image&quot;:{&quot;url&quot;:&quot;&quot;,&quot;id&quot;:&quot;&quot;,&quot;size&quot;:&quot;&quot;},&quot;_id&quot;:&quot;e0f26c9&quot;,&quot;jet_parallax_layout_image_tablet&quot;:{&quot;url&quot;:&quot;&quot;,&quot;id&quot;:&quot;&quot;,&quot;size&quot;:&quot;&quot;},&quot;jet_parallax_layout_image_mobile&quot;:{&quot;url&quot;:&quot;&quot;,&quot;id&quot;:&quot;&quot;,&quot;size&quot;:&quot;&quot;},&quot;jet_parallax_layout_speed&quot;:{&quot;unit&quot;:&quot;%&quot;,&quot;size&quot;:50,&quot;sizes&quot;:[]},&quot;jet_parallax_layout_type&quot;:&quot;scroll&quot;,&quot;jet_parallax_layout_direction&quot;:null,&quot;jet_parallax_layout_fx_direction&quot;:null,&quot;jet_parallax_layout_z_index&quot;:&quot;&quot;,&quot;jet_parallax_layout_bg_x&quot;:50,&quot;jet_parallax_layout_bg_x_tablet&quot;:&quot;&quot;,&quot;jet_parallax_layout_bg_x_mobile&quot;:&quot;&quot;,&quot;jet_parallax_layout_bg_y&quot;:50,&quot;jet_parallax_layout_bg_y_tablet&quot;:&quot;&quot;,&quot;jet_parallax_layout_bg_y_mobile&quot;:&quot;&quot;,&quot;jet_parallax_layout_bg_size&quot;:&quot;auto&quot;,&quot;jet_parallax_layout_bg_size_tablet&quot;:&quot;&quot;,&quot;jet_parallax_layout_bg_size_mobile&quot;:&quot;&quot;,&quot;jet_parallax_layout_animation_prop&quot;:&quot;transform&quot;,&quot;jet_parallax_layout_on&quot;:[&quot;desktop&quot;,&quot;tablet&quot;]}]}\">\n\t\t\t\t\t\t<div class=\"elementor-container elementor-column-gap-default\">\n\t\t\t\t\t<div class=\"elementor-column elementor-col-100 elementor-top-column elementor-element elementor-element-c04c703\" data-id=\"c04c703\" data-element_type=\"column\">\n\t\t\t<div class=\"elementor-widget-wrap elementor-element-populated\">\n\t\t\t\t\t\t\t\t<div class=\"elementor-element elementor-element-cd7c740 elementor-widget elementor-widget-heading\" data-id=\"cd7c740\" data-element_type=\"widget\" data-widget_type=\"heading.default\">\n\t\t\t\t<div class=\"elementor-widget-container\">\n\t\t\t<h2 class=\"elementor-heading-title elementor-size-default\">Zasady rezerwacji<\/h2>\t\t<\/div>\n\t\t\t\t<\/div>\n\t\t\t\t<div class=\"elementor-element elementor-element-803fac3 elementor-widget-divider--view-line_icon elementor-view-default elementor-widget-divider--element-align-center elementor-widget elementor-widget-divider\" data-id=\"803fac3\" data-element_type=\"widget\" data-widget_type=\"divider.default\">\n\t\t\t\t<div class=\"elementor-widget-container\">\n\t\t\t\t\t<div class=\"elementor-divider\">\n\t\t\t<span class=\"elementor-divider-separator\">\n\t\t\t\t\t\t\t<div class=\"elementor-icon elementor-divider__element\">\n\t\t\t\t\t<i aria-hidden=\"true\" class=\"fas fa-home\"><\/i><\/div>\n\t\t\t\t\t\t<\/span>\n\t\t<\/div>\n\t\t\t\t<\/div>\n\t\t\t\t<\/div>\n\t\t\t\t<div class=\"elementor-element elementor-element-b9e5f41 elementor-widget elementor-widget-text-editor\" data-id=\"b9e5f41\" data-element_type=\"widget\" data-widget_type=\"text-editor.default\">\n\t\t\t\t<div class=\"elementor-widget-container\">\n\t\t\t\t\t\t\t<div><span style=\"color: #333333;\">&nbsp;<\/span><\/div>\n<ol>\n<li><span style=\"color: var( --e-global-color-text ); letter-spacing: 0px;\"><span style=\"color: #003366;\">Op\u0142ata za pobyt naliczana jest wed\u0142ug cennika obowi\u0105zuj\u0105cego w danym roku, zatwierdzonego przez rektora.<\/span><\/span><\/li>\n<li>Cena pobytu jest r\u00f3wna iloczynowi ilo\u015bci os\u00f3b, ilo\u015bci dni pobytu i ceny za 1 osob\u0119, z zastrze\u017ceniem, \u017ce w zale\u017cno\u015bci od rodzaju obiektu i miesi\u0105ca ustalone s\u0105 minimalne ceny za domki.<\/li>\n<li>Noclegi dla dzieci do 3 lat s\u0105 bezp\u0142atne (bez po\u015bcieli). Cena za nocleg dla dzieci w wieku od 3 do 7 lat wynosi 45 z\u0142 za dob\u0119.&nbsp;<\/li>\n<li><strong>Minimalny pobyt to 7 nocleg\u00f3w.<\/strong>&nbsp; &nbsp; &nbsp; &nbsp; &nbsp; &nbsp; &nbsp; &nbsp; &nbsp; &nbsp; &nbsp; &nbsp; &nbsp; &nbsp; &nbsp; &nbsp; &nbsp; &nbsp; &nbsp; &nbsp; &nbsp; &nbsp; &nbsp; &nbsp; &nbsp; &nbsp; &nbsp; &nbsp; &nbsp; &nbsp; &nbsp; &nbsp; &nbsp; &nbsp; &nbsp; &nbsp; &nbsp; &nbsp; &nbsp; &nbsp; &nbsp; &nbsp; &nbsp; &nbsp; &nbsp; &nbsp; &nbsp; &nbsp; &nbsp; &nbsp; &nbsp; &nbsp; &nbsp; &nbsp; &nbsp; &nbsp; &nbsp; &nbsp; &nbsp; &nbsp; &nbsp; &nbsp; &nbsp; &nbsp; &nbsp; &nbsp; &nbsp; &nbsp; &nbsp; &nbsp; &nbsp; &nbsp; &nbsp; &nbsp; &nbsp; &nbsp; &nbsp; &nbsp; &nbsp; &nbsp; &nbsp; &nbsp; &nbsp; &nbsp; &nbsp; &nbsp; &nbsp; &nbsp; &nbsp; &nbsp; &nbsp; &nbsp; &nbsp; &nbsp; &nbsp; &nbsp; &nbsp; &nbsp; &nbsp; &nbsp; &nbsp; &nbsp; &nbsp; &nbsp; &nbsp; &nbsp; &nbsp; &nbsp; &nbsp; &nbsp; &nbsp; &nbsp; &nbsp; &nbsp; &nbsp; &nbsp;&nbsp;<\/li>\n<li>Pracownicy i emeryci Politechniki \u015al\u0105skiej mog\u0105 dokonywa\u0107 rezerwacji od<strong>&nbsp; 28.02.2026 r.&nbsp;<\/strong><\/li>\n<li><strong>PIERWSZEGO DNIA REZERWACJI AKCEPTUJEMY POBYTY CO NAJMNIEJ 14-DNIOWE Z ZASTRZE\u017bENIEM &#8211; 1 REZERWACJA DLA 1 PRACOWNIKA.&nbsp; <\/strong><em>&nbsp;(<\/em><em>Dotyczy domk\u00f3w w czerwcu, lipcu i sierpniu).<\/em><\/li>\n<li><strong>Od 2.03.2026<\/strong>&nbsp;mo\u017cna dokonywa\u0107 pozosta\u0142ych rezerwacji.<\/li>\n<li>&nbsp;Rezerwacji dokonujemy wy\u0142\u0105cznie za po\u015brednictwem modu\u0142u rezerwacyjnego znajduj\u0105cego si\u0119 na stronie <strong><u>www.ow-jastrzebiagora.pl<\/u><\/strong><\/li>\n<li>Dodatkowe informacje mo\u017cna otrzyma\u0107:&nbsp; &nbsp; &nbsp; &nbsp; &nbsp; &nbsp; &nbsp; &nbsp; &nbsp; &nbsp; &nbsp; &nbsp; &nbsp; &nbsp; &nbsp; &nbsp; &nbsp; &nbsp; &nbsp; &nbsp; &nbsp; &nbsp; &nbsp; &nbsp; &nbsp; &nbsp; &nbsp; &nbsp; &nbsp; &nbsp; &nbsp; &nbsp; &nbsp; &nbsp; &nbsp; &nbsp; &nbsp; &nbsp; &nbsp; &nbsp; &nbsp; &nbsp; &nbsp; &nbsp; &nbsp; &nbsp; &nbsp; &nbsp; &nbsp; &nbsp; &nbsp; &nbsp; &nbsp; &nbsp; &nbsp; &nbsp; &nbsp; &nbsp; &nbsp; &nbsp; &nbsp; &nbsp; &nbsp; &nbsp; &nbsp; &nbsp; &nbsp; &nbsp; &nbsp; &nbsp; &nbsp; &nbsp; &nbsp; &nbsp; &nbsp; &nbsp; &nbsp; &nbsp; &nbsp; &nbsp; &nbsp; &nbsp; &nbsp; &nbsp; &nbsp; &nbsp; &nbsp; &nbsp; &nbsp; &nbsp; &nbsp; &nbsp; &nbsp; &nbsp; &nbsp; &nbsp; &nbsp; &nbsp; &nbsp; &nbsp; &nbsp; &nbsp; &nbsp; &nbsp; &nbsp; &nbsp; &nbsp; &nbsp; &nbsp; &nbsp; &nbsp; &nbsp; &nbsp; &nbsp; &nbsp; &nbsp; &nbsp; &nbsp; &nbsp;* w Dziale Gospodarki Nieruchomo\u015bciami w godz. 7.00 \u2013 15.00, pod numerem telefonu: (32) 237-11-44, mail: magdalena.pypno@polsl.pl&nbsp; &nbsp; &nbsp; &nbsp; &nbsp; &nbsp; &nbsp; &nbsp; &nbsp; &nbsp; &nbsp; &nbsp; &nbsp; &nbsp; &nbsp; &nbsp; &nbsp; &nbsp; &nbsp; &nbsp; &nbsp;*&nbsp; bezpo\u015brednio u osoby kieruj\u0105cej o\u015brodkiem w godz. 10.00 -18.00, pod numerem telefonu + 48 603 303 582, mail: malgorzata.rykowska@polsl.pl<\/li>\n<li>Potwierdzeniem rezerwacji miejsc jest uiszczenie zadatku w wysoko\u015bci 30 % koszt\u00f3w planowanego pobytu <strong>w terminie do 3 dni roboczych od otrzymania maila, w kt\u00f3rym potwierdzamy dat\u0119 pobytu i kwot\u0119 zadatku.<\/strong>&nbsp; P\u0142atno\u015b\u0107 przelewem na rachunek bankowy: ZF\u015aS Politechniki \u015al\u0105skiej, ul. Akademicka 2A , 44-100 Gliwice Nr 46 1050 1230 1000 0002 0211 3114.<\/li>\n<li>W przypadku rezygnacji z pobytu, zadatek mo\u017ce zosta\u0107 zwr\u00f3cony w przypadku odsprzeda\u017cy zarezerwowanego terminu, proporcjonalnie do ilo\u015bci odsprzedanych nocleg\u00f3w.<\/li>\n<li>Wp\u0142ata pozosta\u0142ej kwoty za pobyt nast\u0119puje na wskazane wy\u017cej konto do 7 dni przed terminem przyjazdu. Brak wp\u0142aty w powy\u017cszym terminie mo\u017ce spowodowa\u0107 anulowanie rezerwacji.<\/li>\n<li><strong>Rezerwacja obowi\u0105zuje wy\u0142\u0105cznie na osob\u0119, na kt\u00f3r\u0105 zosta\u0142a dokonana. Wszelkie zmiany nale\u017cy uzgadnia\u0107 mailowo z osob\u0105 kieruj\u0105c\u0105 o\u015brodkiem. Je\u017celi zamiast pracownika, kt\u00f3ry zrobi\u0142 rezerwacje 22 lub 23 lutego przyjedzie osoba spoza Politechniki \u015al\u0105skiej cena b\u0119dzie podw\u00f3jna (wyj\u0105tek stanowi rodzina w 1 stopniu pokrewie\u0144stwa).&nbsp;<\/strong><\/li>\n<li>W przypadku skr\u00f3cenia pobytu wniesiona op\u0142ata nie podlega zwrotowi.<\/li>\n<li><b>Faktury<\/b> za pobyt b\u0119d\u0105 wystawiane w Sekcji Gospodarki Nieruchomo\u015bciami tylko dla p\u0142atno\u015bci dokonanych przelewem. Ch\u0119\u0107 otrzymania faktury nale\u017cy zg\u0142osi\u0107 w momencie dokonywania rezerwacji.<\/li>\n<li>Doba hotelowa w o\u015brodku rozpoczyna si\u0119 <strong>o godz. 13.00<\/strong> pierwszego dnia pobytu, a ko\u0144czy si\u0119 <strong>o godz. 10.00<\/strong> ostatniego dnia pobytu.<\/li>\n<li><strong>Zakwaterowanie w godzinach 13.00 &#8211; 18.00<\/strong> . Poza tymi godzinami tylko po wcze\u015bniejszym uzgodnieniu telefonicznym.<\/li>\n<li>W zwi\u0105zku z tym, \u017ce o\u015brodek jest zamykany, po przyje\u017adzie w celu otwarcia bramy\/furtki prosz\u0119 o telefon pod numer 603 303 582.&nbsp; &nbsp; &nbsp; &nbsp; &nbsp; &nbsp; &nbsp; &nbsp; &nbsp; &nbsp; &nbsp; &nbsp; &nbsp; &nbsp; &nbsp; &nbsp; &nbsp; &nbsp; &nbsp; &nbsp; &nbsp; &nbsp; &nbsp; &nbsp; &nbsp; &nbsp; &nbsp;&nbsp;<i><u>Mile widziana wcze\u015bniejsza informacja o planowanej godzinie przyjazdu.<\/u><\/i><\/li>\n<li>W domkach typu BRDA o numerach 1, 2, 3, 4, 5, 8, 9 jest mo\u017cliwo\u015b\u0107 pobytu ze zwierz\u0119tami pod warunkiem usuwania pozostawionych przez zwierz\u0119 nieczysto\u015bci i zachowania nale\u017cytych \u015brodk\u00f3w bezpiecze\u0144stwa.<\/li>\n<li><b style=\"letter-spacing: 0px;\">Psy po terenie o\u015brodka mog\u0105 porusza\u0107 si\u0119 wy\u0142\u0105cznie na smyczy<\/b><span style=\"letter-spacing: 0px;\">. Na spacer z psami wychodzimy poza teren o\u015brodka.<\/span><\/li>\n<li>Wynajmuj\u0105cy ponosi odpowiedzialno\u015b\u0107 finansow\u0105 za zniszczenia dokonane na terenie o\u015brodka, tak\u017ce przez jego ma\u0142oletnie dzieci i zwierz\u0119ta.&nbsp;<\/li>\n<li>Parking dost\u0119pny tylko dla klient\u00f3w o\u015brodka.<\/li>\n<\/ol>\t\t\t\t\t\t<\/div>\n\t\t\t\t<\/div>\n\t\t\t\t\t<\/div>\n\t\t<\/div>\n\t\t\t\t\t\t\t<\/div>\n\t\t<\/section>\n\t\t\t\t\t\t\t<\/div>\n\t\t","protected":false},"excerpt":{"rendered":"<p>Zasady rezerwacji &nbsp; Op\u0142ata za pobyt naliczana jest wed\u0142ug cennika obowi\u0105zuj\u0105cego w danym roku, zatwierdzonego przez rektora. Cena pobytu jest r\u00f3wna iloczynowi ilo\u015bci os\u00f3b, ilo\u015bci dni pobytu i ceny za 1 osob\u0119, z zastrze\u017ceniem, \u017ce w zale\u017cno\u015bci od rodzaju obiektu i miesi\u0105ca ustalone s\u0105 minimalne ceny za domki. Noclegi dla dzieci do 3 lat s\u0105 [&hellip;]<\/p>\n","protected":false},"author":1,"featured_media":0,"parent":0,"menu_order":0,"comment_status":"closed","ping_status":"closed","template":"","meta":{"footnotes":""},"_links":{"self":[{"href":"https:\/\/www.ow-jastrzebiagora.pl\/index.php\/wp-json\/wp\/v2\/pages\/470"}],"collection":[{"href":"https:\/\/www.ow-jastrzebiagora.pl\/index.php\/wp-json\/wp\/v2\/pages"}],"about":[{"href":"https:\/\/www.ow-jastrzebiagora.pl\/index.php\/wp-json\/wp\/v2\/types\/page"}],"author":[{"embeddable":true,"href":"https:\/\/www.ow-jastrzebiagora.pl\/index.php\/wp-json\/wp\/v2\/users\/1"}],"replies":[{"embeddable":true,"href":"https:\/\/www.ow-jastrzebiagora.pl\/index.php\/wp-json\/wp\/v2\/comments?post=470"}],"version-history":[{"count":249,"href":"https:\/\/www.ow-jastrzebiagora.pl\/index.php\/wp-json\/wp\/v2\/pages\/470\/revisions"}],"predecessor-version":[{"id":1599,"href":"https:\/\/www.ow-jastrzebiagora.pl\/index.php\/wp-json\/wp\/v2\/pages\/470\/revisions\/1599"}],"wp:attachment":[{"href":"https:\/\/www.ow-jastrzebiagora.pl\/index.php\/wp-json\/wp\/v2\/media?parent=470"}],"curies":[{"name":"wp","href":"https:\/\/api.w.org\/{rel}","templated":true}]}}