{"id":251,"date":"2021-02-19T16:19:38","date_gmt":"2021-02-19T15:19:38","guid":{"rendered":"http:\/\/zdn-produkcja.pl\/jastrzebia-gora\/?page_id=251"},"modified":"2024-08-13T11:46:14","modified_gmt":"2024-08-13T09:46:14","slug":"domki-brda-1-4","status":"publish","type":"page","link":"https:\/\/www.ow-jastrzebiagora.pl\/index.php\/domki-brda-1-4\/","title":{"rendered":"Domki Brda nr 1-4"},"content":{"rendered":"\t\t<div data-elementor-type=\"wp-page\" data-elementor-id=\"251\" class=\"elementor elementor-251\">\n\t\t\t\t\t\t\t\t\t<section class=\"elementor-section elementor-top-section elementor-element elementor-element-bdb6d1a elementor-section-boxed elementor-section-height-default elementor-section-height-default\" data-id=\"bdb6d1a\" data-element_type=\"section\" data-settings=\"{&quot;jet_parallax_layout_list&quot;:[{&quot;jet_parallax_layout_image&quot;:{&quot;url&quot;:&quot;&quot;,&quot;id&quot;:&quot;&quot;,&quot;size&quot;:&quot;&quot;},&quot;_id&quot;:&quot;3282092&quot;,&quot;jet_parallax_layout_image_tablet&quot;:{&quot;url&quot;:&quot;&quot;,&quot;id&quot;:&quot;&quot;,&quot;size&quot;:&quot;&quot;},&quot;jet_parallax_layout_image_mobile&quot;:{&quot;url&quot;:&quot;&quot;,&quot;id&quot;:&quot;&quot;,&quot;size&quot;:&quot;&quot;},&quot;jet_parallax_layout_speed&quot;:{&quot;unit&quot;:&quot;%&quot;,&quot;size&quot;:50,&quot;sizes&quot;:[]},&quot;jet_parallax_layout_type&quot;:&quot;scroll&quot;,&quot;jet_parallax_layout_direction&quot;:null,&quot;jet_parallax_layout_fx_direction&quot;:null,&quot;jet_parallax_layout_z_index&quot;:&quot;&quot;,&quot;jet_parallax_layout_bg_x&quot;:50,&quot;jet_parallax_layout_bg_x_tablet&quot;:&quot;&quot;,&quot;jet_parallax_layout_bg_x_mobile&quot;:&quot;&quot;,&quot;jet_parallax_layout_bg_y&quot;:50,&quot;jet_parallax_layout_bg_y_tablet&quot;:&quot;&quot;,&quot;jet_parallax_layout_bg_y_mobile&quot;:&quot;&quot;,&quot;jet_parallax_layout_bg_size&quot;:&quot;auto&quot;,&quot;jet_parallax_layout_bg_size_tablet&quot;:&quot;&quot;,&quot;jet_parallax_layout_bg_size_mobile&quot;:&quot;&quot;,&quot;jet_parallax_layout_animation_prop&quot;:&quot;transform&quot;,&quot;jet_parallax_layout_on&quot;:[&quot;desktop&quot;,&quot;tablet&quot;]}]}\">\n\t\t\t\t\t\t<div class=\"elementor-container elementor-column-gap-default\">\n\t\t\t\t\t<div class=\"elementor-column elementor-col-100 elementor-top-column elementor-element elementor-element-8c7cc7f\" data-id=\"8c7cc7f\" data-element_type=\"column\">\n\t\t\t<div class=\"elementor-widget-wrap elementor-element-populated\">\n\t\t\t\t\t\t\t\t<div class=\"elementor-element elementor-element-de1507d elementor-widget elementor-widget-heading\" data-id=\"de1507d\" data-element_type=\"widget\" data-widget_type=\"heading.default\">\n\t\t\t\t<div class=\"elementor-widget-container\">\n\t\t\t<h2 class=\"elementor-heading-title elementor-size-default\">Domki Brda 1-4<\/h2>\t\t<\/div>\n\t\t\t\t<\/div>\n\t\t\t\t<div class=\"elementor-element elementor-element-ab0a6df elementor-widget-divider--view-line_icon elementor-view-default elementor-widget-divider--element-align-center elementor-widget elementor-widget-divider\" data-id=\"ab0a6df\" data-element_type=\"widget\" data-widget_type=\"divider.default\">\n\t\t\t\t<div class=\"elementor-widget-container\">\n\t\t\t\t\t<div class=\"elementor-divider\">\n\t\t\t<span class=\"elementor-divider-separator\">\n\t\t\t\t\t\t\t<div class=\"elementor-icon elementor-divider__element\">\n\t\t\t\t\t<i aria-hidden=\"true\" class=\"fas fa-home\"><\/i><\/div>\n\t\t\t\t\t\t<\/span>\n\t\t<\/div>\n\t\t\t\t<\/div>\n\t\t\t\t<\/div>\n\t\t\t\t<section class=\"elementor-section elementor-inner-section elementor-element elementor-element-525cfb3 elementor-section-boxed elementor-section-height-default elementor-section-height-default\" data-id=\"525cfb3\" data-element_type=\"section\" data-settings=\"{&quot;jet_parallax_layout_list&quot;:[{&quot;jet_parallax_layout_image&quot;:{&quot;url&quot;:&quot;&quot;,&quot;id&quot;:&quot;&quot;,&quot;size&quot;:&quot;&quot;},&quot;_id&quot;:&quot;4fafc5f&quot;,&quot;jet_parallax_layout_image_tablet&quot;:{&quot;url&quot;:&quot;&quot;,&quot;id&quot;:&quot;&quot;,&quot;size&quot;:&quot;&quot;},&quot;jet_parallax_layout_image_mobile&quot;:{&quot;url&quot;:&quot;&quot;,&quot;id&quot;:&quot;&quot;,&quot;size&quot;:&quot;&quot;},&quot;jet_parallax_layout_speed&quot;:{&quot;unit&quot;:&quot;%&quot;,&quot;size&quot;:50,&quot;sizes&quot;:[]},&quot;jet_parallax_layout_type&quot;:&quot;scroll&quot;,&quot;jet_parallax_layout_direction&quot;:null,&quot;jet_parallax_layout_fx_direction&quot;:null,&quot;jet_parallax_layout_z_index&quot;:&quot;&quot;,&quot;jet_parallax_layout_bg_x&quot;:50,&quot;jet_parallax_layout_bg_x_tablet&quot;:&quot;&quot;,&quot;jet_parallax_layout_bg_x_mobile&quot;:&quot;&quot;,&quot;jet_parallax_layout_bg_y&quot;:50,&quot;jet_parallax_layout_bg_y_tablet&quot;:&quot;&quot;,&quot;jet_parallax_layout_bg_y_mobile&quot;:&quot;&quot;,&quot;jet_parallax_layout_bg_size&quot;:&quot;auto&quot;,&quot;jet_parallax_layout_bg_size_tablet&quot;:&quot;&quot;,&quot;jet_parallax_layout_bg_size_mobile&quot;:&quot;&quot;,&quot;jet_parallax_layout_animation_prop&quot;:&quot;transform&quot;,&quot;jet_parallax_layout_on&quot;:[&quot;desktop&quot;,&quot;tablet&quot;]}]}\">\n\t\t\t\t\t\t<div class=\"elementor-container elementor-column-gap-default\">\n\t\t\t\t\t<div class=\"elementor-column elementor-col-50 elementor-inner-column elementor-element elementor-element-ce3d43c\" data-id=\"ce3d43c\" data-element_type=\"column\">\n\t\t\t<div class=\"elementor-widget-wrap elementor-element-populated\">\n\t\t\t\t\t\t\t\t<div class=\"elementor-element elementor-element-ea3bf0e elementor-widget elementor-widget-text-editor\" data-id=\"ea3bf0e\" data-element_type=\"widget\" data-widget_type=\"text-editor.default\">\n\t\t\t\t<div class=\"elementor-widget-container\">\n\t\t\t\t\t\t\t<p>Pi\u0119trowy domek letniskowy ze spadzistym dachem, otoczony zieleni\u0105, z zewn\u0119trznym tarasem od frontu. Przeznaczony dla 4-6 os\u00f3b.<\/p>\n<p>Na parterze znajduje si\u0119 pok\u00f3j dzienny z aneksem kuchennym wyposa\u017conym w lod\u00f3wk\u0119, kuchenk\u0119 elektryczn\u0105 1-palnikow\u0105, czajnik, naczynia kuchenne, sztu\u0107ce oraz \u0142azienka z kabin\u0105 prysznicow\u0105.<\/p>\n<p>Na pi\u0119tro, gdzie znajduj\u0105 si\u0119 dwie oddzielne 2 osobowe sypialnie wiod\u0105 modu\u0142owe, zakr\u0119cane schody. Zapewniamy po\u015bciel i r\u0119czniki.<\/p>\n<p>Domek wyposa\u017cony jest w&nbsp; telewizor, radio, suszark\u0119 do w\u0142os\u00f3w, \u017celazko, desk\u0119 do prasowania, suszark\u0119 do prania, sprz\u0119t pla\u017cowy i meble ogrodowe.<\/p>\n<p>Istnieje mo\u017cliwo\u015b\u0107 wypo\u017cyczenia odkurzacza, dzieci\u0119cego \u0142\u00f3\u017ceczka turystycznego, wanienki, krzese\u0142ka do karmienia. Go\u015bcie mog\u0105 korzysta\u0107 z pralni w indywidualnym zakresie.<\/p>\n<p>W domkach typu \u201cBrda\u201d o numerach 1, 2, 3 i 4 istnieje mo\u017cliwo\u015b\u0107 pobytu ze zwierz\u0119tami pod warunkiem usuwania pozostawionych przez zwierz\u0119ta nieczysto\u015bci oraz zachowania nale\u017cytych \u015brodk\u00f3w bezpiecze\u0144stwa.<\/p>\t\t\t\t\t\t<\/div>\n\t\t\t\t<\/div>\n\t\t\t\t\t<\/div>\n\t\t<\/div>\n\t\t\t\t<div class=\"elementor-column elementor-col-50 elementor-inner-column elementor-element elementor-element-3555422\" data-id=\"3555422\" data-element_type=\"column\">\n\t\t\t<div class=\"elementor-widget-wrap elementor-element-populated\">\n\t\t\t\t\t\t\t\t<div class=\"elementor-element elementor-element-558bcd1 elementor-widget elementor-widget-image\" data-id=\"558bcd1\" data-element_type=\"widget\" data-widget_type=\"image.default\">\n\t\t\t\t<div class=\"elementor-widget-container\">\n\t\t\t\t\t\t\t\t\t\t\t\t\t\t\t<img fetchpriority=\"high\" decoding=\"async\" width=\"800\" height=\"600\" src=\"https:\/\/www.ow-jastrzebiagora.pl\/wp-content\/uploads\/2023\/07\/Domki-1-4c.jpg\" class=\"attachment-full size-full wp-image-1182\" alt=\"\" srcset=\"https:\/\/www.ow-jastrzebiagora.pl\/wp-content\/uploads\/2023\/07\/Domki-1-4c.jpg 800w, https:\/\/www.ow-jastrzebiagora.pl\/wp-content\/uploads\/2023\/07\/Domki-1-4c-300x225.jpg 300w, https:\/\/www.ow-jastrzebiagora.pl\/wp-content\/uploads\/2023\/07\/Domki-1-4c-768x576.jpg 768w, https:\/\/www.ow-jastrzebiagora.pl\/wp-content\/uploads\/2023\/07\/Domki-1-4c-600x450.jpg 600w\" sizes=\"(max-width: 800px) 100vw, 800px\" \/>\t\t\t\t\t\t\t\t\t\t\t\t\t\t\t<\/div>\n\t\t\t\t<\/div>\n\t\t\t\t\t<\/div>\n\t\t<\/div>\n\t\t\t\t\t\t\t<\/div>\n\t\t<\/section>\n\t\t\t\t\t<\/div>\n\t\t<\/div>\n\t\t\t\t\t\t\t<\/div>\n\t\t<\/section>\n\t\t\t\t\t\t\t<\/div>\n\t\t","protected":false},"excerpt":{"rendered":"<p>Domki Brda 1-4 Pi\u0119trowy domek letniskowy ze spadzistym dachem, otoczony zieleni\u0105, z zewn\u0119trznym tarasem od frontu. Przeznaczony dla 4-6 os\u00f3b. Na parterze znajduje si\u0119 pok\u00f3j dzienny z aneksem kuchennym wyposa\u017conym w lod\u00f3wk\u0119, kuchenk\u0119 elektryczn\u0105 1-palnikow\u0105, czajnik, naczynia kuchenne, sztu\u0107ce oraz \u0142azienka z kabin\u0105 prysznicow\u0105. Na pi\u0119tro, gdzie znajduj\u0105 si\u0119 dwie oddzielne 2 osobowe sypialnie wiod\u0105 [&hellip;]<\/p>\n","protected":false},"author":1,"featured_media":0,"parent":0,"menu_order":0,"comment_status":"closed","ping_status":"closed","template":"","meta":{"footnotes":""},"_links":{"self":[{"href":"https:\/\/www.ow-jastrzebiagora.pl\/index.php\/wp-json\/wp\/v2\/pages\/251"}],"collection":[{"href":"https:\/\/www.ow-jastrzebiagora.pl\/index.php\/wp-json\/wp\/v2\/pages"}],"about":[{"href":"https:\/\/www.ow-jastrzebiagora.pl\/index.php\/wp-json\/wp\/v2\/types\/page"}],"author":[{"embeddable":true,"href":"https:\/\/www.ow-jastrzebiagora.pl\/index.php\/wp-json\/wp\/v2\/users\/1"}],"replies":[{"embeddable":true,"href":"https:\/\/www.ow-jastrzebiagora.pl\/index.php\/wp-json\/wp\/v2\/comments?post=251"}],"version-history":[{"count":30,"href":"https:\/\/www.ow-jastrzebiagora.pl\/index.php\/wp-json\/wp\/v2\/pages\/251\/revisions"}],"predecessor-version":[{"id":1408,"href":"https:\/\/www.ow-jastrzebiagora.pl\/index.php\/wp-json\/wp\/v2\/pages\/251\/revisions\/1408"}],"wp:attachment":[{"href":"https:\/\/www.ow-jastrzebiagora.pl\/index.php\/wp-json\/wp\/v2\/media?parent=251"}],"curies":[{"name":"wp","href":"https:\/\/api.w.org\/{rel}","templated":true}]}}